{"id":1499,"date":"2016-03-03T15:55:28","date_gmt":"2016-03-03T14:55:28","guid":{"rendered":"http:\/\/www.gay-touzeur.com\/blog\/?page_id=1499"},"modified":"2018-11-05T11:13:10","modified_gmt":"2018-11-05T10:13:10","slug":"annonces-plans-culs","status":"publish","type":"page","link":"http:\/\/www.gay-touzeur.com\/blog\/annonces-plans-culs\/","title":{"rendered":"Annonces plans culs"},"content":{"rendered":"<p>Voici les derniers annonces de plans culs gay avec des actifs des passifs des touzeurs des mecs en couples ou en solo de quoi organiser des partouzes gay entre mecs pour de la bonne d\u00e9fonce anal avec du poppers et des plans suces avec des mecs bien teub\u00e9 participe toi aussi aux petites annonces et p\u00e9cho un max de keums<\/p>\n<div algin=\"center\"><iframe loading=\"lazy\" src=\"http:\/\/www.mykodial.com\/index.php?module=guest_mykodial_announces&#038;type=large&#038;rows=20&#038;bgcolor=444c38&#038;titlecolor=FFFF00&#038;infocolor=FFFFFF&#038;alias=www&#038;idcolor=FFFFFF&#038;lnkcolor=FFFF00&#038;tracker=blogtouzeurpage&#038;exit=1&#038;warning=0&#038;id=39571\" width=\"540\" height=\"2020\" scrolling=\"no\" style=\"border:0px;\" frameborder=\"0\"><\/iframe><\/div>\n","protected":false},"excerpt":{"rendered":"<p>Voici les derniers annonces de plans culs gay avec des actifs des passifs des touzeurs des mecs en couples ou en solo de quoi organiser des partouzes gay entre mecs pour de la bonne d\u00e9fonce anal avec du poppers et des plans suces avec des mecs bien teub\u00e9 participe toi aussi aux petites annonces et [&hellip;]<\/p>\n","protected":false},"author":1,"featured_media":0,"parent":0,"menu_order":0,"comment_status":"closed","ping_status":"closed","template":"","meta":{"footnotes":""},"class_list":["post-1499","page","type-page","status-publish","hentry"],"yoast_head":"<!-- This site is optimized with the Yoast SEO plugin v27.4 - https:\/\/yoast.com\/product\/yoast-seo-wordpress\/ -->\n<title>Annonces plans culs<\/title>\n<meta name=\"description\" content=\"Voici les derniers annonces de plans culs gay avec des actifs des passifs des touzeurs des mecs en couples ou en solo de quoi organiser des partouzes gay\" \/>\n<meta name=\"robots\" content=\"index, follow, max-snippet:-1, max-image-preview:large, max-video-preview:-1\" \/>\n<link rel=\"canonical\" href=\"http:\/\/www.gay-touzeur.com\/blog\/annonces-plans-culs\/\" \/>\n<meta property=\"og:locale\" content=\"fr_FR\" \/>\n<meta property=\"og:type\" content=\"article\" \/>\n<meta property=\"og:title\" content=\"Annonces plans culs\" \/>\n<meta property=\"og:description\" content=\"Voici les derniers annonces de plans culs gay avec des actifs des passifs des touzeurs des mecs en couples ou en solo de quoi organiser des partouzes gay\" \/>\n<meta property=\"og:url\" content=\"http:\/\/www.gay-touzeur.com\/blog\/annonces-plans-culs\/\" \/>\n<meta property=\"og:site_name\" content=\"Gay Touzeur\" \/>\n<meta property=\"article:modified_time\" content=\"2018-11-05T10:13:10+00:00\" \/>\n<meta name=\"twitter:card\" content=\"summary_large_image\" \/>\n<script type=\"application\/ld+json\" class=\"yoast-schema-graph\">{\"@context\":\"https:\\\/\\\/schema.org\",\"@graph\":[{\"@type\":\"WebPage\",\"@id\":\"http:\\\/\\\/www.gay-touzeur.com\\\/blog\\\/annonces-plans-culs\\\/\",\"url\":\"http:\\\/\\\/www.gay-touzeur.com\\\/blog\\\/annonces-plans-culs\\\/\",\"name\":\"Annonces plans culs\",\"isPartOf\":{\"@id\":\"http:\\\/\\\/www.gay-touzeur.com\\\/blog\\\/#website\"},\"datePublished\":\"2016-03-03T14:55:28+00:00\",\"dateModified\":\"2018-11-05T10:13:10+00:00\",\"description\":\"Voici les derniers annonces de plans culs gay avec des actifs des passifs des touzeurs des mecs en couples ou en solo de quoi organiser des partouzes gay\",\"breadcrumb\":{\"@id\":\"http:\\\/\\\/www.gay-touzeur.com\\\/blog\\\/annonces-plans-culs\\\/#breadcrumb\"},\"inLanguage\":\"fr-FR\",\"potentialAction\":[{\"@type\":\"ReadAction\",\"target\":[\"http:\\\/\\\/www.gay-touzeur.com\\\/blog\\\/annonces-plans-culs\\\/\"]}]},{\"@type\":\"BreadcrumbList\",\"@id\":\"http:\\\/\\\/www.gay-touzeur.com\\\/blog\\\/annonces-plans-culs\\\/#breadcrumb\",\"itemListElement\":[{\"@type\":\"ListItem\",\"position\":1,\"name\":\"Accueil\",\"item\":\"http:\\\/\\\/www.gay-touzeur.com\\\/blog\\\/\"},{\"@type\":\"ListItem\",\"position\":2,\"name\":\"Annonces plans culs\"}]},{\"@type\":\"WebSite\",\"@id\":\"http:\\\/\\\/www.gay-touzeur.com\\\/blog\\\/#website\",\"url\":\"http:\\\/\\\/www.gay-touzeur.com\\\/blog\\\/\",\"name\":\"Gay Touzeur\",\"description\":\"Vid\u00e9o partouze gay\",\"potentialAction\":[{\"@type\":\"SearchAction\",\"target\":{\"@type\":\"EntryPoint\",\"urlTemplate\":\"http:\\\/\\\/www.gay-touzeur.com\\\/blog\\\/?s={search_term_string}\"},\"query-input\":{\"@type\":\"PropertyValueSpecification\",\"valueRequired\":true,\"valueName\":\"search_term_string\"}}],\"inLanguage\":\"fr-FR\"}]}<\/script>\n<!-- \/ Yoast SEO plugin. -->","yoast_head_json":{"title":"Annonces plans culs","description":"Voici les derniers annonces de plans culs gay avec des actifs des passifs des touzeurs des mecs en couples ou en solo de quoi organiser des partouzes gay","robots":{"index":"index","follow":"follow","max-snippet":"max-snippet:-1","max-image-preview":"max-image-preview:large","max-video-preview":"max-video-preview:-1"},"canonical":"http:\/\/www.gay-touzeur.com\/blog\/annonces-plans-culs\/","og_locale":"fr_FR","og_type":"article","og_title":"Annonces plans culs","og_description":"Voici les derniers annonces de plans culs gay avec des actifs des passifs des touzeurs des mecs en couples ou en solo de quoi organiser des partouzes gay","og_url":"http:\/\/www.gay-touzeur.com\/blog\/annonces-plans-culs\/","og_site_name":"Gay Touzeur","article_modified_time":"2018-11-05T10:13:10+00:00","twitter_card":"summary_large_image","schema":{"@context":"https:\/\/schema.org","@graph":[{"@type":"WebPage","@id":"http:\/\/www.gay-touzeur.com\/blog\/annonces-plans-culs\/","url":"http:\/\/www.gay-touzeur.com\/blog\/annonces-plans-culs\/","name":"Annonces plans culs","isPartOf":{"@id":"http:\/\/www.gay-touzeur.com\/blog\/#website"},"datePublished":"2016-03-03T14:55:28+00:00","dateModified":"2018-11-05T10:13:10+00:00","description":"Voici les derniers annonces de plans culs gay avec des actifs des passifs des touzeurs des mecs en couples ou en solo de quoi organiser des partouzes gay","breadcrumb":{"@id":"http:\/\/www.gay-touzeur.com\/blog\/annonces-plans-culs\/#breadcrumb"},"inLanguage":"fr-FR","potentialAction":[{"@type":"ReadAction","target":["http:\/\/www.gay-touzeur.com\/blog\/annonces-plans-culs\/"]}]},{"@type":"BreadcrumbList","@id":"http:\/\/www.gay-touzeur.com\/blog\/annonces-plans-culs\/#breadcrumb","itemListElement":[{"@type":"ListItem","position":1,"name":"Accueil","item":"http:\/\/www.gay-touzeur.com\/blog\/"},{"@type":"ListItem","position":2,"name":"Annonces plans culs"}]},{"@type":"WebSite","@id":"http:\/\/www.gay-touzeur.com\/blog\/#website","url":"http:\/\/www.gay-touzeur.com\/blog\/","name":"Gay Touzeur","description":"Vid\u00e9o partouze gay","potentialAction":[{"@type":"SearchAction","target":{"@type":"EntryPoint","urlTemplate":"http:\/\/www.gay-touzeur.com\/blog\/?s={search_term_string}"},"query-input":{"@type":"PropertyValueSpecification","valueRequired":true,"valueName":"search_term_string"}}],"inLanguage":"fr-FR"}]}},"_links":{"self":[{"href":"http:\/\/www.gay-touzeur.com\/blog\/wp-json\/wp\/v2\/pages\/1499","targetHints":{"allow":["GET"]}}],"collection":[{"href":"http:\/\/www.gay-touzeur.com\/blog\/wp-json\/wp\/v2\/pages"}],"about":[{"href":"http:\/\/www.gay-touzeur.com\/blog\/wp-json\/wp\/v2\/types\/page"}],"author":[{"embeddable":true,"href":"http:\/\/www.gay-touzeur.com\/blog\/wp-json\/wp\/v2\/users\/1"}],"replies":[{"embeddable":true,"href":"http:\/\/www.gay-touzeur.com\/blog\/wp-json\/wp\/v2\/comments?post=1499"}],"version-history":[{"count":3,"href":"http:\/\/www.gay-touzeur.com\/blog\/wp-json\/wp\/v2\/pages\/1499\/revisions"}],"predecessor-version":[{"id":3000,"href":"http:\/\/www.gay-touzeur.com\/blog\/wp-json\/wp\/v2\/pages\/1499\/revisions\/3000"}],"wp:attachment":[{"href":"http:\/\/www.gay-touzeur.com\/blog\/wp-json\/wp\/v2\/media?parent=1499"}],"curies":[{"name":"wp","href":"https:\/\/api.w.org\/{rel}","templated":true}]}}