{"id":23,"date":"2013-06-22T11:48:42","date_gmt":"2013-06-22T10:48:42","guid":{"rendered":"http:\/\/www.gay-touzeur.com\/blog\/?page_id=23"},"modified":"2018-11-06T10:41:12","modified_gmt":"2018-11-06T09:41:12","slug":"zone-hot-videos","status":"publish","type":"page","link":"http:\/\/www.gay-touzeur.com\/blog\/zone-hot-videos\/","title":{"rendered":"ZONE HOT VIDEOS"},"content":{"rendered":"<p>Tu trouveras ici les vid\u00e9os parmi les plus t\u00e9l\u00e9charg\u00e9es ou visionner en streaming , leur succ\u00e8s r\u00e9sident en un savant m\u00e9lange de film fran\u00e7ais et prod us et europ\u00e9enne ..des films tourn\u00e9s en haute d\u00e9finitions compatible en plusieurs format pour portable ou tablette \ud83d\ude42<\/p>\n<p><a href=\"https:\/\/www.french-twinks.com\/videos-porno-gay\/traquenard-en-cuisine-episode-2?id=16684841&#038;trk=gay-touzeur-zone-hot-videos\" target=\"_blank\"><img loading=\"lazy\" decoding=\"async\" src=\"http:\/\/www.gay-touzeur.com\/blog\/wp-content\/uploads\/2018\/11\/video-gay_1004-3.jpg\" alt=\"\" width=\"320\" height=\"180\" class=\"aligncenter size-full wp-image-3003\" srcset=\"http:\/\/www.gay-touzeur.com\/blog\/wp-content\/uploads\/2018\/11\/video-gay_1004-3.jpg 320w, http:\/\/www.gay-touzeur.com\/blog\/wp-content\/uploads\/2018\/11\/video-gay_1004-3-300x169.jpg 300w\" sizes=\"auto, (max-width: 320px) 100vw, 320px\" \/><\/p>\n<p><img loading=\"lazy\" decoding=\"async\" src=\"http:\/\/www.gay-touzeur.com\/blog\/wp-content\/uploads\/2018\/11\/video-gay_1004-2.jpg\" alt=\"\" width=\"320\" height=\"180\" class=\"aligncenter size-full wp-image-3004\" srcset=\"http:\/\/www.gay-touzeur.com\/blog\/wp-content\/uploads\/2018\/11\/video-gay_1004-2.jpg 320w, http:\/\/www.gay-touzeur.com\/blog\/wp-content\/uploads\/2018\/11\/video-gay_1004-2-300x169.jpg 300w\" sizes=\"auto, (max-width: 320px) 100vw, 320px\" \/><\/p>\n<p><img loading=\"lazy\" decoding=\"async\" src=\"http:\/\/www.gay-touzeur.com\/blog\/wp-content\/uploads\/2018\/11\/video-gay_1004-1.jpg\" alt=\"\" width=\"320\" height=\"180\" class=\"aligncenter size-full wp-image-3005\" srcset=\"http:\/\/www.gay-touzeur.com\/blog\/wp-content\/uploads\/2018\/11\/video-gay_1004-1.jpg 320w, http:\/\/www.gay-touzeur.com\/blog\/wp-content\/uploads\/2018\/11\/video-gay_1004-1-300x169.jpg 300w\" sizes=\"auto, (max-width: 320px) 100vw, 320px\" \/><\/a><\/p>\n<p><a href=\"https:\/\/www.french-twinks.com\/videos-porno-gay\/sea-sex-and-sun-episode-2?id=16684841&#038;trk=\" target=\"_blank\"><img loading=\"lazy\" decoding=\"async\" src=\"http:\/\/www.gay-touzeur.com\/blog\/wp-content\/uploads\/2018\/09\/16.jpg\" alt=\"touze gay bateau\" width=\"600\" height=\"338\" class=\"aligncenter size-full wp-image-2981\" srcset=\"http:\/\/www.gay-touzeur.com\/blog\/wp-content\/uploads\/2018\/09\/16.jpg 600w, http:\/\/www.gay-touzeur.com\/blog\/wp-content\/uploads\/2018\/09\/16-300x169.jpg 300w\" sizes=\"auto, (max-width: 600px) 100vw, 600px\" \/><\/p>\n<p><img loading=\"lazy\" decoding=\"async\" src=\"http:\/\/www.gay-touzeur.com\/blog\/wp-content\/uploads\/2018\/09\/14.jpg\" alt=\"doigter gay bateau\" width=\"600\" height=\"338\" class=\"aligncenter size-full wp-image-2980\" srcset=\"http:\/\/www.gay-touzeur.com\/blog\/wp-content\/uploads\/2018\/09\/14.jpg 600w, http:\/\/www.gay-touzeur.com\/blog\/wp-content\/uploads\/2018\/09\/14-300x169.jpg 300w\" sizes=\"auto, (max-width: 600px) 100vw, 600px\" \/><\/p>\n<p><img loading=\"lazy\" decoding=\"async\" src=\"http:\/\/www.gay-touzeur.com\/blog\/wp-content\/uploads\/2018\/09\/13.jpg\" alt=\"4 jeunes gays touze en mer\" width=\"600\" height=\"338\" class=\"aligncenter size-full wp-image-2979\" srcset=\"http:\/\/www.gay-touzeur.com\/blog\/wp-content\/uploads\/2018\/09\/13.jpg 600w, http:\/\/www.gay-touzeur.com\/blog\/wp-content\/uploads\/2018\/09\/13-300x169.jpg 300w\" sizes=\"auto, (max-width: 600px) 100vw, 600px\" \/><\/a><\/p>\n<p><iframe loading=\"lazy\" src=\"http:\/\/www.smartmovies.net\/mb\/d34723\/videos\" rel=\"nofollow\" width=\"650\" height=\"7580\" frameborder=\"0\" scrolling=\"no\"><\/iframe><\/p>\n","protected":false},"excerpt":{"rendered":"<p>Tu trouveras ici les vid\u00e9os parmi les plus t\u00e9l\u00e9charg\u00e9es ou visionner en streaming , leur succ\u00e8s r\u00e9sident en un savant m\u00e9lange de film fran\u00e7ais et prod us et europ\u00e9enne ..des films tourn\u00e9s en haute d\u00e9finitions compatible en plusieurs format pour portable ou tablette \ud83d\ude42<\/p>\n","protected":false},"author":1,"featured_media":0,"parent":0,"menu_order":0,"comment_status":"open","ping_status":"closed","template":"","meta":{"footnotes":""},"class_list":["post-23","page","type-page","status-publish","hentry"],"yoast_head":"<!-- This site is optimized with the Yoast SEO plugin v27.6 - https:\/\/yoast.com\/product\/yoast-seo-wordpress\/ -->\n<title>ZONE HOT VIDEOS<\/title>\n<meta name=\"description\" content=\"Tu trouveras ici les vid\u00e9os parmi les plus t\u00e9l\u00e9charg\u00e9es ou visionner en streaming , leur succ\u00e8s r\u00e9sident en un savant m\u00e9lange de film fran\u00e7ais et prod us\" \/>\n<meta name=\"robots\" content=\"index, follow, max-snippet:-1, max-image-preview:large, max-video-preview:-1\" \/>\n<link rel=\"canonical\" href=\"http:\/\/www.gay-touzeur.com\/blog\/zone-hot-videos\/\" \/>\n<meta property=\"og:locale\" content=\"fr_FR\" \/>\n<meta property=\"og:type\" content=\"article\" \/>\n<meta property=\"og:title\" content=\"ZONE HOT VIDEOS\" \/>\n<meta property=\"og:description\" content=\"Tu trouveras ici les vid\u00e9os parmi les plus t\u00e9l\u00e9charg\u00e9es ou visionner en streaming , leur succ\u00e8s r\u00e9sident en un savant m\u00e9lange de film fran\u00e7ais et prod us\" \/>\n<meta property=\"og:url\" content=\"http:\/\/www.gay-touzeur.com\/blog\/zone-hot-videos\/\" \/>\n<meta property=\"og:site_name\" content=\"Gay Touzeur\" \/>\n<meta property=\"article:modified_time\" content=\"2018-11-06T09:41:12+00:00\" \/>\n<meta property=\"og:image\" content=\"http:\/\/www.gay-touzeur.com\/blog\/wp-content\/uploads\/2018\/11\/video-gay_1004-3.jpg\" \/>\n<meta name=\"twitter:card\" content=\"summary_large_image\" \/>\n<script type=\"application\/ld+json\" class=\"yoast-schema-graph\">{\"@context\":\"https:\\\/\\\/schema.org\",\"@graph\":[{\"@type\":\"WebPage\",\"@id\":\"http:\\\/\\\/www.gay-touzeur.com\\\/blog\\\/zone-hot-videos\\\/\",\"url\":\"http:\\\/\\\/www.gay-touzeur.com\\\/blog\\\/zone-hot-videos\\\/\",\"name\":\"ZONE HOT VIDEOS\",\"isPartOf\":{\"@id\":\"http:\\\/\\\/www.gay-touzeur.com\\\/blog\\\/#website\"},\"primaryImageOfPage\":{\"@id\":\"http:\\\/\\\/www.gay-touzeur.com\\\/blog\\\/zone-hot-videos\\\/#primaryimage\"},\"image\":{\"@id\":\"http:\\\/\\\/www.gay-touzeur.com\\\/blog\\\/zone-hot-videos\\\/#primaryimage\"},\"thumbnailUrl\":\"http:\\\/\\\/www.gay-touzeur.com\\\/blog\\\/wp-content\\\/uploads\\\/2018\\\/11\\\/video-gay_1004-3.jpg\",\"datePublished\":\"2013-06-22T10:48:42+00:00\",\"dateModified\":\"2018-11-06T09:41:12+00:00\",\"description\":\"Tu trouveras ici les vid\u00e9os parmi les plus t\u00e9l\u00e9charg\u00e9es ou visionner en streaming , leur succ\u00e8s r\u00e9sident en un savant m\u00e9lange de film fran\u00e7ais et prod us\",\"breadcrumb\":{\"@id\":\"http:\\\/\\\/www.gay-touzeur.com\\\/blog\\\/zone-hot-videos\\\/#breadcrumb\"},\"inLanguage\":\"fr-FR\",\"potentialAction\":[{\"@type\":\"ReadAction\",\"target\":[\"http:\\\/\\\/www.gay-touzeur.com\\\/blog\\\/zone-hot-videos\\\/\"]}]},{\"@type\":\"ImageObject\",\"inLanguage\":\"fr-FR\",\"@id\":\"http:\\\/\\\/www.gay-touzeur.com\\\/blog\\\/zone-hot-videos\\\/#primaryimage\",\"url\":\"http:\\\/\\\/www.gay-touzeur.com\\\/blog\\\/wp-content\\\/uploads\\\/2018\\\/11\\\/video-gay_1004-3.jpg\",\"contentUrl\":\"http:\\\/\\\/www.gay-touzeur.com\\\/blog\\\/wp-content\\\/uploads\\\/2018\\\/11\\\/video-gay_1004-3.jpg\",\"width\":320,\"height\":180},{\"@type\":\"BreadcrumbList\",\"@id\":\"http:\\\/\\\/www.gay-touzeur.com\\\/blog\\\/zone-hot-videos\\\/#breadcrumb\",\"itemListElement\":[{\"@type\":\"ListItem\",\"position\":1,\"name\":\"Accueil\",\"item\":\"http:\\\/\\\/www.gay-touzeur.com\\\/blog\\\/\"},{\"@type\":\"ListItem\",\"position\":2,\"name\":\"ZONE HOT VIDEOS\"}]},{\"@type\":\"WebSite\",\"@id\":\"http:\\\/\\\/www.gay-touzeur.com\\\/blog\\\/#website\",\"url\":\"http:\\\/\\\/www.gay-touzeur.com\\\/blog\\\/\",\"name\":\"Gay Touzeur\",\"description\":\"Vid\u00e9o partouze gay\",\"potentialAction\":[{\"@type\":\"SearchAction\",\"target\":{\"@type\":\"EntryPoint\",\"urlTemplate\":\"http:\\\/\\\/www.gay-touzeur.com\\\/blog\\\/?s={search_term_string}\"},\"query-input\":{\"@type\":\"PropertyValueSpecification\",\"valueRequired\":true,\"valueName\":\"search_term_string\"}}],\"inLanguage\":\"fr-FR\"}]}<\/script>\n<!-- \/ Yoast SEO plugin. -->","yoast_head_json":{"title":"ZONE HOT VIDEOS","description":"Tu trouveras ici les vid\u00e9os parmi les plus t\u00e9l\u00e9charg\u00e9es ou visionner en streaming , leur succ\u00e8s r\u00e9sident en un savant m\u00e9lange de film fran\u00e7ais et prod us","robots":{"index":"index","follow":"follow","max-snippet":"max-snippet:-1","max-image-preview":"max-image-preview:large","max-video-preview":"max-video-preview:-1"},"canonical":"http:\/\/www.gay-touzeur.com\/blog\/zone-hot-videos\/","og_locale":"fr_FR","og_type":"article","og_title":"ZONE HOT VIDEOS","og_description":"Tu trouveras ici les vid\u00e9os parmi les plus t\u00e9l\u00e9charg\u00e9es ou visionner en streaming , leur succ\u00e8s r\u00e9sident en un savant m\u00e9lange de film fran\u00e7ais et prod us","og_url":"http:\/\/www.gay-touzeur.com\/blog\/zone-hot-videos\/","og_site_name":"Gay Touzeur","article_modified_time":"2018-11-06T09:41:12+00:00","og_image":[{"url":"http:\/\/www.gay-touzeur.com\/blog\/wp-content\/uploads\/2018\/11\/video-gay_1004-3.jpg","type":"","width":"","height":""}],"twitter_card":"summary_large_image","schema":{"@context":"https:\/\/schema.org","@graph":[{"@type":"WebPage","@id":"http:\/\/www.gay-touzeur.com\/blog\/zone-hot-videos\/","url":"http:\/\/www.gay-touzeur.com\/blog\/zone-hot-videos\/","name":"ZONE HOT VIDEOS","isPartOf":{"@id":"http:\/\/www.gay-touzeur.com\/blog\/#website"},"primaryImageOfPage":{"@id":"http:\/\/www.gay-touzeur.com\/blog\/zone-hot-videos\/#primaryimage"},"image":{"@id":"http:\/\/www.gay-touzeur.com\/blog\/zone-hot-videos\/#primaryimage"},"thumbnailUrl":"http:\/\/www.gay-touzeur.com\/blog\/wp-content\/uploads\/2018\/11\/video-gay_1004-3.jpg","datePublished":"2013-06-22T10:48:42+00:00","dateModified":"2018-11-06T09:41:12+00:00","description":"Tu trouveras ici les vid\u00e9os parmi les plus t\u00e9l\u00e9charg\u00e9es ou visionner en streaming , leur succ\u00e8s r\u00e9sident en un savant m\u00e9lange de film fran\u00e7ais et prod us","breadcrumb":{"@id":"http:\/\/www.gay-touzeur.com\/blog\/zone-hot-videos\/#breadcrumb"},"inLanguage":"fr-FR","potentialAction":[{"@type":"ReadAction","target":["http:\/\/www.gay-touzeur.com\/blog\/zone-hot-videos\/"]}]},{"@type":"ImageObject","inLanguage":"fr-FR","@id":"http:\/\/www.gay-touzeur.com\/blog\/zone-hot-videos\/#primaryimage","url":"http:\/\/www.gay-touzeur.com\/blog\/wp-content\/uploads\/2018\/11\/video-gay_1004-3.jpg","contentUrl":"http:\/\/www.gay-touzeur.com\/blog\/wp-content\/uploads\/2018\/11\/video-gay_1004-3.jpg","width":320,"height":180},{"@type":"BreadcrumbList","@id":"http:\/\/www.gay-touzeur.com\/blog\/zone-hot-videos\/#breadcrumb","itemListElement":[{"@type":"ListItem","position":1,"name":"Accueil","item":"http:\/\/www.gay-touzeur.com\/blog\/"},{"@type":"ListItem","position":2,"name":"ZONE HOT VIDEOS"}]},{"@type":"WebSite","@id":"http:\/\/www.gay-touzeur.com\/blog\/#website","url":"http:\/\/www.gay-touzeur.com\/blog\/","name":"Gay Touzeur","description":"Vid\u00e9o partouze gay","potentialAction":[{"@type":"SearchAction","target":{"@type":"EntryPoint","urlTemplate":"http:\/\/www.gay-touzeur.com\/blog\/?s={search_term_string}"},"query-input":{"@type":"PropertyValueSpecification","valueRequired":true,"valueName":"search_term_string"}}],"inLanguage":"fr-FR"}]}},"_links":{"self":[{"href":"http:\/\/www.gay-touzeur.com\/blog\/wp-json\/wp\/v2\/pages\/23","targetHints":{"allow":["GET"]}}],"collection":[{"href":"http:\/\/www.gay-touzeur.com\/blog\/wp-json\/wp\/v2\/pages"}],"about":[{"href":"http:\/\/www.gay-touzeur.com\/blog\/wp-json\/wp\/v2\/types\/page"}],"author":[{"embeddable":true,"href":"http:\/\/www.gay-touzeur.com\/blog\/wp-json\/wp\/v2\/users\/1"}],"replies":[{"embeddable":true,"href":"http:\/\/www.gay-touzeur.com\/blog\/wp-json\/wp\/v2\/comments?post=23"}],"version-history":[{"count":8,"href":"http:\/\/www.gay-touzeur.com\/blog\/wp-json\/wp\/v2\/pages\/23\/revisions"}],"predecessor-version":[{"id":3009,"href":"http:\/\/www.gay-touzeur.com\/blog\/wp-json\/wp\/v2\/pages\/23\/revisions\/3009"}],"wp:attachment":[{"href":"http:\/\/www.gay-touzeur.com\/blog\/wp-json\/wp\/v2\/media?parent=23"}],"curies":[{"name":"wp","href":"https:\/\/api.w.org\/{rel}","templated":true}]}}